{"id":1024,"date":"2021-04-29T05:33:55","date_gmt":"2021-04-29T05:33:55","guid":{"rendered":"http:\/\/wptf.themepul.com\/restly\/?page_id=1024"},"modified":"2024-01-14T10:55:42","modified_gmt":"2024-01-14T15:55:42","slug":"formation","status":"publish","type":"page","link":"https:\/\/promotic.net\/fr_fr\/service\/formation\/","title":{"rendered":"Formation"},"content":{"rendered":"\t\t<div data-elementor-type=\"wp-page\" data-elementor-id=\"1024\" class=\"elementor elementor-1024\">\n\t\t\t\t\t\t<section class=\"elementor-section elementor-top-section elementor-element elementor-element-186d4a0 elementor-section-boxed elementor-section-height-default elementor-section-height-default wpr-particle-no wpr-jarallax-no wpr-parallax-no wpr-sticky-section-no wpr-equal-height-no\" data-id=\"186d4a0\" data-element_type=\"section\" data-e-type=\"section\">\n\t\t\t\t\t\t<div class=\"elementor-container elementor-column-gap-default\">\n\t\t\t\t\t<div class=\"elementor-column elementor-col-50 elementor-top-column elementor-element elementor-element-86ce1b2\" data-id=\"86ce1b2\" data-element_type=\"column\" data-e-type=\"column\">\n\t\t\t<div class=\"elementor-widget-wrap elementor-element-populated\">\n\t\t\t\t\t\t<div class=\"elementor-element elementor-element-f02bb2d elementor-widget elementor-widget-wp-widget-nav_menu\" data-id=\"f02bb2d\" data-element_type=\"widget\" data-e-type=\"widget\" data-widget_type=\"wp-widget-nav_menu.default\">\n\t\t\t\t<div class=\"elementor-widget-container\">\n\t\t\t\t\t<div class=\"menu-service-container\"><ul id=\"menu-service\" class=\"menu\"><li id=\"menu-item-7315\" class=\"menu-item menu-item-type-post_type menu-item-object-page menu-item-7315\"><a href=\"https:\/\/promotic.net\/fr_fr\/service\/certification-et-homologation\/\">Certification et Homologation<\/a><\/li>\n<li id=\"menu-item-1077\" class=\"menu-item menu-item-type-post_type menu-item-object-page menu-item-1077\"><a href=\"https:\/\/promotic.net\/fr_fr\/service\/certification-et-homologation-2\/\">Etude de projets technologiques<\/a><\/li>\n<li id=\"menu-item-1078\" class=\"menu-item menu-item-type-post_type menu-item-object-page menu-item-1078\"><a href=\"https:\/\/promotic.net\/fr_fr\/service\/implementation-de-projets-technologiques\/\">Impl\u00e9mentation de projets technologiques\u200b<\/a><\/li>\n<li id=\"menu-item-7313\" class=\"menu-item menu-item-type-post_type menu-item-object-page menu-item-7313\"><a href=\"https:\/\/promotic.net\/fr_fr\/service\/developpement\/\">D\u00e9veloppement de solutions technologiques<\/a><\/li>\n<li id=\"menu-item-1080\" class=\"menu-item menu-item-type-post_type menu-item-object-page menu-item-1080\"><a href=\"https:\/\/promotic.net\/fr_fr\/service\/formation\/\">Formation<\/a><\/li>\n<\/ul><\/div>\t\t\t\t<\/div>\n\t\t\t\t<\/div>\n\t\t\t\t<div class=\"elementor-element elementor-element-3931927 elementor-widget elementor-widget-image\" data-id=\"3931927\" data-element_type=\"widget\" data-e-type=\"widget\" data-widget_type=\"image.default\">\n\t\t\t\t<div class=\"elementor-widget-container\">\n\t\t\t\t\t\t\t\t\t\t\t\t\t\t\t<img fetchpriority=\"high\" decoding=\"async\" width=\"270\" height=\"209\" src=\"https:\/\/promotic.net\/wp-content\/uploads\/2023\/12\/service5-4-270x209.jpg\" class=\"attachment-restly-woo-medium size-restly-woo-medium wp-image-7055\" alt=\"\" \/>\t\t\t\t\t\t\t\t\t\t\t\t\t\t\t<\/div>\n\t\t\t\t<\/div>\n\t\t\t\t\t<\/div>\n\t\t<\/div>\n\t\t\t\t<div class=\"elementor-column elementor-col-50 elementor-top-column elementor-element elementor-element-af08c7c\" data-id=\"af08c7c\" data-element_type=\"column\" data-e-type=\"column\">\n\t\t\t<div class=\"elementor-widget-wrap elementor-element-populated\">\n\t\t\t\t\t\t<div class=\"elementor-element elementor-element-caca1bb elementor-widget elementor-widget-image\" data-id=\"caca1bb\" data-element_type=\"widget\" data-e-type=\"widget\" data-widget_type=\"image.default\">\n\t\t\t\t<div class=\"elementor-widget-container\">\n\t\t\t\t\t\t\t\t\t\t\t\t\t\t\t<img decoding=\"async\" width=\"1000\" height=\"607\" src=\"https:\/\/promotic.net\/wp-content\/uploads\/2024\/01\/group-young-people-sitting-conference-together.jpg\" class=\"attachment-full size-full wp-image-7898\" alt=\"\" srcset=\"https:\/\/promotic.net\/wp-content\/uploads\/2024\/01\/group-young-people-sitting-conference-together.jpg 1000w, https:\/\/promotic.net\/wp-content\/uploads\/2024\/01\/group-young-people-sitting-conference-together-300x182.jpg 300w, https:\/\/promotic.net\/wp-content\/uploads\/2024\/01\/group-young-people-sitting-conference-together-768x466.jpg 768w, https:\/\/promotic.net\/wp-content\/uploads\/2024\/01\/group-young-people-sitting-conference-together-18x12.jpg 18w, https:\/\/promotic.net\/wp-content\/uploads\/2024\/01\/group-young-people-sitting-conference-together-600x364.jpg 600w\" sizes=\"(max-width: 1000px) 100vw, 1000px\" \/>\t\t\t\t\t\t\t\t\t\t\t\t\t\t\t<\/div>\n\t\t\t\t<\/div>\n\t\t\t\t<div class=\"elementor-element elementor-element-343e42a elementor-widget elementor-widget-heading\" data-id=\"343e42a\" data-element_type=\"widget\" data-e-type=\"widget\" data-widget_type=\"heading.default\">\n\t\t\t\t<div class=\"elementor-widget-container\">\n\t\t\t\t\t<h2 class=\"elementor-heading-title elementor-size-default\">Formation<\/h2>\t\t\t\t<\/div>\n\t\t\t\t<\/div>\n\t\t\t\t<div class=\"elementor-element elementor-element-2e5861a elementor-widget elementor-widget-restly_about\" data-id=\"2e5861a\" data-element_type=\"widget\" data-e-type=\"widget\" data-widget_type=\"restly_about.default\">\n\t\t\t\t<div class=\"elementor-widget-container\">\n\t\t\t\t\t        <div class=\"restly-about-wrapper\">\r\n            <div class=\"restly-about-content text-left\">\r\n                                <h2 class=\"restly-about-stitle\"><span><\/span><\/h6>\r\n                                <h2 class=\"restly-about-title\"><\/h2>\r\n                <div class=\"restly-about-dec\">\r\n                    <p>PROMOTIC offre un catalogue de formation, y compris des modules de cours sp\u00e9cialis\u00e9s au public, aux Institutions et entreprises dans tous les champs des t\u00e9l\u00e9communications et des Technologies de l\u2019Information et de la Communication (TIC).<\/p><p>La firme d\u00e9veloppe \u00e9galement des modules de formation adapt\u00e9s aux besoins de la client\u00e8le.<\/p>                <\/div>\r\n            <\/div>\r\n        <\/div>\r\n        \t\t\t\t<\/div>\n\t\t\t\t<\/div>\n\t\t\t\t<section class=\"elementor-section elementor-inner-section elementor-element elementor-element-58177c9 elementor-section-boxed elementor-section-height-default elementor-section-height-default wpr-particle-no wpr-jarallax-no wpr-parallax-no wpr-sticky-section-no wpr-equal-height-no\" data-id=\"58177c9\" data-element_type=\"section\" data-e-type=\"section\">\n\t\t\t\t\t\t<div class=\"elementor-container elementor-column-gap-default\">\n\t\t\t\t\t<div class=\"elementor-column elementor-col-33 elementor-inner-column elementor-element elementor-element-14b78c7\" data-id=\"14b78c7\" data-element_type=\"column\" data-e-type=\"column\">\n\t\t\t<div class=\"elementor-widget-wrap elementor-element-populated\">\n\t\t\t\t\t\t<div class=\"elementor-element elementor-element-0f30828 elementor-widget elementor-widget-service_box\" data-id=\"0f30828\" data-element_type=\"widget\" data-e-type=\"widget\" data-widget_type=\"service_box.default\">\n\t\t\t\t<div class=\"elementor-widget-container\">\n\t\t\t\t\t        <div class=\"restly-service-box-wrapper\">\r\n                        <div class=\"restly-service-two-box tran-04\">\r\n                <div class=\"restly-service-two-contents tran-04 service-two-center\">\r\n                    <div class=\"restly-service-two-icon tran-04\">\r\n                                                    <i class=\"flaticon flaticon-3d-printing\"><\/i>\r\n                                            <\/div>\r\n                    <div class=\"service-two-content tran-04\">\r\n                        <h3 class=\"service-two-title tran-04\">Etude de projets technologiques<\/h3>\r\n                        <div class=\"service-two-dec tran-04\">\r\n                            <p>We\u2019ve been a nearly  thought  strategy leader for five<\/p>\r\n                        <\/div>\r\n                                            <\/div>\r\n                <\/div>\r\n            <\/div>\r\n                        <\/div>\r\n        \t\t\t\t<\/div>\n\t\t\t\t<\/div>\n\t\t\t\t\t<\/div>\n\t\t<\/div>\n\t\t\t\t<div class=\"elementor-column elementor-col-33 elementor-inner-column elementor-element elementor-element-5d8cf28\" data-id=\"5d8cf28\" data-element_type=\"column\" data-e-type=\"column\">\n\t\t\t<div class=\"elementor-widget-wrap elementor-element-populated\">\n\t\t\t\t\t\t<div class=\"elementor-element elementor-element-57c7b20 elementor-widget elementor-widget-service_box\" data-id=\"57c7b20\" data-element_type=\"widget\" data-e-type=\"widget\" data-widget_type=\"service_box.default\">\n\t\t\t\t<div class=\"elementor-widget-container\">\n\t\t\t\t\t        <div class=\"restly-service-box-wrapper\">\r\n                        <div class=\"restly-service-two-box tran-04\">\r\n                <div class=\"restly-service-two-contents tran-04 service-two-center\">\r\n                    <div class=\"restly-service-two-icon tran-04\">\r\n                                                    <i class=\"flaticon flaticon-analysis\"><\/i>\r\n                                            <\/div>\r\n                    <div class=\"service-two-content tran-04\">\r\n                        <h3 class=\"service-two-title tran-04\">Certification et Homologation<\/h3>\r\n                        <div class=\"service-two-dec tran-04\">\r\n                            <p>We\u2019ve been a nearly  thought  strategy leader for five<\/p>\r\n                        <\/div>\r\n                                            <\/div>\r\n                <\/div>\r\n            <\/div>\r\n                        <\/div>\r\n        \t\t\t\t<\/div>\n\t\t\t\t<\/div>\n\t\t\t\t\t<\/div>\n\t\t<\/div>\n\t\t\t\t<div class=\"elementor-column elementor-col-33 elementor-inner-column elementor-element elementor-element-581cc4a\" data-id=\"581cc4a\" data-element_type=\"column\" data-e-type=\"column\">\n\t\t\t<div class=\"elementor-widget-wrap elementor-element-populated\">\n\t\t\t\t\t\t<div class=\"elementor-element elementor-element-7ec256e elementor-widget elementor-widget-service_box\" data-id=\"7ec256e\" data-element_type=\"widget\" data-e-type=\"widget\" data-widget_type=\"service_box.default\">\n\t\t\t\t<div class=\"elementor-widget-container\">\n\t\t\t\t\t        <div class=\"restly-service-box-wrapper\">\r\n                        <div class=\"restly-service-two-box tran-04\">\r\n                <div class=\"restly-service-two-contents tran-04 service-two-center\">\r\n                    <div class=\"restly-service-two-icon tran-04\">\r\n                                                    <i class=\"flaticon flaticon-design-process\"><\/i>\r\n                                            <\/div>\r\n                    <div class=\"service-two-content tran-04\">\r\n                        <h3 class=\"service-two-title tran-04\">Impl\u00e9mentation de projets technologiques<\/h3>\r\n                        <div class=\"service-two-dec tran-04\">\r\n                            <p>We\u2019ve been a nearly  thought  strategy leader for five<\/p>\r\n                        <\/div>\r\n                                            <\/div>\r\n                <\/div>\r\n            <\/div>\r\n                        <\/div>\r\n        \t\t\t\t<\/div>\n\t\t\t\t<\/div>\n\t\t\t\t\t<\/div>\n\t\t<\/div>\n\t\t\t\t\t<\/div>\n\t\t<\/section>\n\t\t\t\t\t<\/div>\n\t\t<\/div>\n\t\t\t\t\t<\/div>\n\t\t<\/section>\n\t\t\t\t<section class=\"elementor-section elementor-top-section elementor-element elementor-element-33b99fb elementor-section-boxed elementor-section-height-default elementor-section-height-default wpr-particle-no wpr-jarallax-no wpr-parallax-no wpr-sticky-section-no wpr-equal-height-no\" data-id=\"33b99fb\" data-element_type=\"section\" data-e-type=\"section\" data-settings=\"{&quot;background_background&quot;:&quot;classic&quot;}\">\n\t\t\t\t\t\t<div class=\"elementor-container elementor-column-gap-default\">\n\t\t\t\t\t<div class=\"elementor-column elementor-col-100 elementor-top-column elementor-element elementor-element-08ba7c5\" data-id=\"08ba7c5\" data-element_type=\"column\" data-e-type=\"column\">\n\t\t\t<div class=\"elementor-widget-wrap elementor-element-populated\">\n\t\t\t\t\t\t<div class=\"elementor-element elementor-element-1d88d84 elementor-widget elementor-widget-restly_title\" data-id=\"1d88d84\" data-element_type=\"widget\" data-e-type=\"widget\" data-widget_type=\"restly_title.default\">\n\t\t\t\t<div class=\"elementor-widget-container\">\n\t\t\t\t\t        <div class=\"restly-section-title-wrapper\">\r\n            <div class=\"restly-section-title\">\r\n                                <h2 class=\"restly-section-title\">Contactez-nous<\/h2>\r\n            <\/div>\r\n        <\/div>\r\n        \t\t\t\t<\/div>\n\t\t\t\t<\/div>\n\t\t\t\t<section class=\"elementor-section elementor-inner-section elementor-element elementor-element-e4ce37e elementor-section-boxed elementor-section-height-default elementor-section-height-default wpr-particle-no wpr-jarallax-no wpr-parallax-no wpr-sticky-section-no wpr-equal-height-no\" data-id=\"e4ce37e\" data-element_type=\"section\" data-e-type=\"section\" data-settings=\"{&quot;background_background&quot;:&quot;classic&quot;}\">\n\t\t\t\t\t\t<div class=\"elementor-container elementor-column-gap-default\">\n\t\t\t\t\t<div class=\"elementor-column elementor-col-50 elementor-inner-column elementor-element elementor-element-2e7227a\" data-id=\"2e7227a\" data-element_type=\"column\" data-e-type=\"column\">\n\t\t\t<div class=\"elementor-widget-wrap elementor-element-populated\">\n\t\t\t\t\t\t<div class=\"elementor-element elementor-element-c3c1da1 elementor-widget elementor-widget-shortcode\" data-id=\"c3c1da1\" data-element_type=\"widget\" data-e-type=\"widget\" data-widget_type=\"shortcode.default\">\n\t\t\t\t<div class=\"elementor-widget-container\">\n\t\t\t\t\t\t\t<div class=\"elementor-shortcode\">\n<div class=\"wpcf7 no-js\" id=\"wpcf7-f2367-o1\" lang=\"en-US\" dir=\"ltr\" data-wpcf7-id=\"2367\">\n<div class=\"screen-reader-response\"><p role=\"status\" aria-live=\"polite\" aria-atomic=\"true\"><\/p> <ul><\/ul><\/div>\n<form action=\"\/fr_fr\/wp-json\/wp\/v2\/pages\/1024#wpcf7-f2367-o1\" method=\"post\" class=\"wpcf7-form init\" aria-label=\"Contact form\" novalidate=\"novalidate\" data-status=\"init\">\n<fieldset class=\"hidden-fields-container\"><input type=\"hidden\" name=\"_wpcf7\" value=\"2367\" \/><input type=\"hidden\" name=\"_wpcf7_version\" value=\"6.1.5\" \/><input type=\"hidden\" name=\"_wpcf7_locale\" value=\"en_US\" \/><input type=\"hidden\" name=\"_wpcf7_unit_tag\" value=\"wpcf7-f2367-o1\" \/><input type=\"hidden\" name=\"_wpcf7_container_post\" value=\"0\" \/><input type=\"hidden\" name=\"_wpcf7_posted_data_hash\" value=\"\" \/>\n<\/fieldset>\n<div class=\"restly-home-form\">\n    <div class=\"row\">\n        <div class=\"col-12 col-md-6\">\n            <div class=\"restly-home-form-input restly-input name\">\n            <span class=\"wpcf7-form-control-wrap\" data-name=\"yourname\"><input size=\"40\" maxlength=\"400\" class=\"wpcf7-form-control wpcf7-text wpcf7-validates-as-required\" aria-required=\"true\" aria-invalid=\"false\" placeholder=\"Votre nom\" value=\"\" type=\"text\" name=\"yourname\" \/><\/span>\n            <\/div>\n        <\/div>\n        <div class=\"col-12 col-md-6\">\n            <div class=\"restly-home-form-input restly-input email\">\n            <span class=\"wpcf7-form-control-wrap\" data-name=\"youremail\"><input size=\"40\" maxlength=\"400\" class=\"wpcf7-form-control wpcf7-email wpcf7-validates-as-required wpcf7-text wpcf7-validates-as-email\" aria-required=\"true\" aria-invalid=\"false\" placeholder=\"Votre Email\" value=\"\" type=\"email\" name=\"youremail\" \/><\/span>\n            <\/div>\n        <\/div>\n        <div class=\"col-12 col-md-6\">\n            <div class=\"restly-home-form-input restly-input phone\">\n            <span class=\"wpcf7-form-control-wrap\" data-name=\"yourphone\"><input size=\"40\" maxlength=\"400\" class=\"wpcf7-form-control wpcf7-tel wpcf7-validates-as-required wpcf7-text wpcf7-validates-as-tel\" aria-required=\"true\" aria-invalid=\"false\" placeholder=\"Telephone\" value=\"\" type=\"tel\" name=\"yourphone\" \/><\/span>\n            <\/div>\n        <\/div>\n        <div class=\"col-12 col-md-6\">\n            <div class=\"restly-home-form-input restly-input cform-input website\">\n            <span class=\"wpcf7-form-control-wrap\" data-name=\"website\"><input size=\"40\" maxlength=\"400\" class=\"wpcf7-form-control wpcf7-url wpcf7-text wpcf7-validates-as-url\" aria-invalid=\"false\" placeholder=\"Website\" value=\"\" type=\"url\" name=\"website\" \/><\/span>\n            <\/div>\n        <\/div>\n        <div class=\"col-12 col-md-12\">\n            <div class=\"restly-home-input restly-input message\">\n            <span class=\"wpcf7-form-control-wrap\" data-name=\"message\"><textarea cols=\"10\" rows=\"4\" maxlength=\"2000\" class=\"wpcf7-form-control wpcf7-textarea\" aria-invalid=\"false\" placeholder=\"Faites-nous savoir ce dont vous avez besoin.\" name=\"message\"><\/textarea><\/span>\n            <\/div>\n            <div class=\"restly-message-btn\">\n            <input class=\"wpcf7-form-control wpcf7-submit has-spinner\" type=\"submit\" value=\"Envoyer un message\" \/>\n            <\/div>\n        <\/div>\n    <\/div>\n<\/div><div class=\"wpcf7-response-output\" aria-hidden=\"true\"><\/div>\n<\/form>\n<\/div>\n<\/div>\n\t\t\t\t\t\t<\/div>\n\t\t\t\t<\/div>\n\t\t\t\t\t<\/div>\n\t\t<\/div>\n\t\t\t\t<div class=\"elementor-column elementor-col-50 elementor-inner-column elementor-element elementor-element-9aaa3ee\" data-id=\"9aaa3ee\" data-element_type=\"column\" data-e-type=\"column\" data-settings=\"{&quot;background_background&quot;:&quot;classic&quot;}\">\n\t\t\t<div class=\"elementor-widget-wrap elementor-element-populated\">\n\t\t\t\t\t<div class=\"elementor-background-overlay\"><\/div>\n\t\t\t\t\t\t<div class=\"elementor-element elementor-element-2836cee elementor-widget elementor-widget-restly_contact_info\" data-id=\"2836cee\" data-element_type=\"widget\" data-e-type=\"widget\" data-widget_type=\"restly_contact_info.default\">\n\t\t\t\t<div class=\"elementor-widget-container\">\n\t\t\t\t\t        <div class=\"restly-contact-info-warpper\">\r\n            <div class=\"restly-contact-info\">\r\n                <h2 class=\"contact-info-title\">N&#039;hesitez pas a nous contacter<\/h2>                <div class=\"restly-contact-info-items\">\r\n                                        <div class=\"restly-cinfo d-flex align-items-center\">\r\n                        <div class=\"restly-cinfo-icon\">\r\n                            <i class=\"fas fa-phone-alt\"><\/i>\r\n                        <\/div>\r\n                        <div class=\"restly-cinfo-dec\">\r\n                            <span>Call us<\/span>\r\n                            <p>+509 42 53 6060<\/p>                        <\/div>\r\n                    <\/div>\r\n                                        <div class=\"restly-cinfo d-flex align-items-center\">\r\n                        <div class=\"restly-cinfo-icon\">\r\n                            <i class=\"far fa-envelope\"><\/i>\r\n                        <\/div>\r\n                        <div class=\"restly-cinfo-dec\">\r\n                            <span>Write to us<\/span>\r\n                            <p>info@promotic.net<\/p>                        <\/div>\r\n                    <\/div>\r\n                                        <div class=\"restly-cinfo d-flex align-items-center\">\r\n                        <div class=\"restly-cinfo-icon\">\r\n                            <i class=\"ico ico-location\"><\/i>\r\n                        <\/div>\r\n                        <div class=\"restly-cinfo-dec\">\r\n                            <span>Adresse<\/span>\r\n                            <p>53, Avenue N,<\/p><p>Local: Unitech<br \/>Port - au - prince, Ha\u00efti<\/p>                        <\/div>\r\n                    <\/div>\r\n                                    <\/div>\r\n            <\/div>\r\n        <\/div>\r\n        \t\t\t\t<\/div>\n\t\t\t\t<\/div>\n\t\t\t\t\t<\/div>\n\t\t<\/div>\n\t\t\t\t\t<\/div>\n\t\t<\/section>\n\t\t\t\t\t<\/div>\n\t\t<\/div>\n\t\t\t\t\t<\/div>\n\t\t<\/section>\n\t\t\t\t<\/div>\n\t\t","protected":false},"excerpt":{"rendered":"<p>Formation PROMOTIC offre un catalogue de formation, y compris des modules de cours sp\u00e9cialis\u00e9s au public, aux Institutions et entreprises dans tous les champs des t\u00e9l\u00e9communications et des Technologies de l\u2019Information et de la Communication (TIC). La firme d\u00e9veloppe \u00e9galement des modules de formation adapt\u00e9s aux besoins de la client\u00e8le. Etude de projets technologiques We\u2019ve been a nearly thought strategy leader for five Certification et Homologation We\u2019ve been a nearly thought strategy leader for five Impl\u00e9mentation de projets technologiques We\u2019ve been a nearly thought strategy leader for five Contactez-nous N&#039;hesitez pas a nous contacter Call us +509 42 53 6060 Write to us info@promotic.net Adresse 53, Avenue N, Local: UnitechPort &#8211; au &#8211; prince, Ha\u00efti<\/p>\n","protected":false},"author":1,"featured_media":0,"parent":1015,"menu_order":0,"comment_status":"closed","ping_status":"closed","template":"","meta":{"om_disable_all_campaigns":false,"_monsterinsights_skip_tracking":false,"_monsterinsights_sitenote_active":false,"_monsterinsights_sitenote_note":"","_monsterinsights_sitenote_category":0,"footnotes":""},"class_list":["post-1024","page","type-page","status-publish","hentry"],"aioseo_notices":[],"_links":{"self":[{"href":"https:\/\/promotic.net\/fr_fr\/wp-json\/wp\/v2\/pages\/1024","targetHints":{"allow":["GET"]}}],"collection":[{"href":"https:\/\/promotic.net\/fr_fr\/wp-json\/wp\/v2\/pages"}],"about":[{"href":"https:\/\/promotic.net\/fr_fr\/wp-json\/wp\/v2\/types\/page"}],"author":[{"embeddable":true,"href":"https:\/\/promotic.net\/fr_fr\/wp-json\/wp\/v2\/users\/1"}],"replies":[{"embeddable":true,"href":"https:\/\/promotic.net\/fr_fr\/wp-json\/wp\/v2\/comments?post=1024"}],"version-history":[{"count":14,"href":"https:\/\/promotic.net\/fr_fr\/wp-json\/wp\/v2\/pages\/1024\/revisions"}],"predecessor-version":[{"id":7901,"href":"https:\/\/promotic.net\/fr_fr\/wp-json\/wp\/v2\/pages\/1024\/revisions\/7901"}],"up":[{"embeddable":true,"href":"https:\/\/promotic.net\/fr_fr\/wp-json\/wp\/v2\/pages\/1015"}],"wp:attachment":[{"href":"https:\/\/promotic.net\/fr_fr\/wp-json\/wp\/v2\/media?parent=1024"}],"curies":[{"name":"wp","href":"https:\/\/api.w.org\/{rel}","templated":true}]}}