{"id":1053,"date":"2021-04-29T15:38:57","date_gmt":"2021-04-29T15:38:57","guid":{"rendered":"http:\/\/wptf.themepul.com\/restly\/?page_id=1053"},"modified":"2024-01-14T10:52:59","modified_gmt":"2024-01-14T15:52:59","slug":"developpement","status":"publish","type":"page","link":"https:\/\/promotic.net\/en\/service\/developpement\/","title":{"rendered":"Development of technology solutions"},"content":{"rendered":"<div data-elementor-type=\"wp-page\" data-elementor-id=\"1053\" class=\"elementor elementor-1053\">\n\t\t\t\t\t\t<section class=\"elementor-section elementor-top-section elementor-element elementor-element-ebfab18 elementor-section-boxed elementor-section-height-default elementor-section-height-default wpr-particle-no wpr-jarallax-no wpr-parallax-no wpr-sticky-section-no wpr-equal-height-no\" data-id=\"ebfab18\" data-element_type=\"section\" data-e-type=\"section\">\n\t\t\t\t\t\t<div class=\"elementor-container elementor-column-gap-default\">\n\t\t\t\t\t<div class=\"elementor-column elementor-col-50 elementor-top-column elementor-element elementor-element-4401e99\" data-id=\"4401e99\" data-element_type=\"column\" data-e-type=\"column\">\n\t\t\t<div class=\"elementor-widget-wrap elementor-element-populated\">\n\t\t\t\t\t\t<div class=\"elementor-element elementor-element-98af126 elementor-widget elementor-widget-wp-widget-nav_menu\" data-id=\"98af126\" data-element_type=\"widget\" data-e-type=\"widget\" data-widget_type=\"wp-widget-nav_menu.default\">\n\t\t\t\t<div class=\"elementor-widget-container\">\n\t\t\t\t\t<div class=\"menu-service-container\"><ul id=\"menu-service\" class=\"menu\"><li id=\"menu-item-7315\" class=\"menu-item menu-item-type-post_type menu-item-object-page menu-item-7315\"><a href=\"https:\/\/promotic.net\/en\/service\/certification-et-homologation\/\">Certification and Homologation<\/a><\/li>\n<li id=\"menu-item-1077\" class=\"menu-item menu-item-type-post_type menu-item-object-page menu-item-1077\"><a href=\"https:\/\/promotic.net\/en\/service\/certification-et-homologation-2\/\">Technological project studies<\/a><\/li>\n<li id=\"menu-item-1078\" class=\"menu-item menu-item-type-post_type menu-item-object-page menu-item-1078\"><a href=\"https:\/\/promotic.net\/en\/service\/implementation-de-projets-technologiques\/\">Implementation of technology projects<\/a><\/li>\n<li id=\"menu-item-7313\" class=\"menu-item menu-item-type-post_type menu-item-object-page menu-item-7313\"><a href=\"https:\/\/promotic.net\/en\/service\/developpement\/\">Development of technology solutions<\/a><\/li>\n<li id=\"menu-item-1080\" class=\"menu-item menu-item-type-post_type menu-item-object-page menu-item-1080\"><a href=\"https:\/\/promotic.net\/en\/service\/formation\/\">Training<\/a><\/li>\n<\/ul><\/div>\t\t\t\t<\/div>\n\t\t\t\t<\/div>\n\t\t\t\t<div class=\"elementor-element elementor-element-4bf6acc elementor-widget elementor-widget-image\" data-id=\"4bf6acc\" data-element_type=\"widget\" data-e-type=\"widget\" data-widget_type=\"image.default\">\n\t\t\t\t<div class=\"elementor-widget-container\">\n\t\t\t\t\t\t\t\t\t\t\t\t\t\t\t<img fetchpriority=\"high\" decoding=\"async\" width=\"270\" height=\"355\" src=\"https:\/\/promotic.net\/wp-content\/uploads\/2022\/05\/left-image-1-270x355.png\" class=\"attachment-restly-woo-medium size-restly-woo-medium wp-image-5231\" alt=\"\" \/>\t\t\t\t\t\t\t\t\t\t\t\t\t\t\t<\/div>\n\t\t\t\t<\/div>\n\t\t\t\t\t<\/div>\n\t\t<\/div>\n\t\t\t\t<div class=\"elementor-column elementor-col-50 elementor-top-column elementor-element elementor-element-6b0495c\" data-id=\"6b0495c\" data-element_type=\"column\" data-e-type=\"column\">\n\t\t\t<div class=\"elementor-widget-wrap elementor-element-populated\">\n\t\t\t\t\t\t<div class=\"elementor-element elementor-element-c4a32d7 elementor-widget elementor-widget-image\" data-id=\"c4a32d7\" data-element_type=\"widget\" data-e-type=\"widget\" data-widget_type=\"image.default\">\n\t\t\t\t<div class=\"elementor-widget-container\">\n\t\t\t\t\t\t\t\t\t\t\t\t\t\t\t<img decoding=\"async\" width=\"1000\" height=\"600\" src=\"https:\/\/promotic.net\/wp-content\/uploads\/2024\/01\/light-bulb-ideas-creative-design-graphic.jpg\" class=\"attachment-full size-full wp-image-7894\" alt=\"\" srcset=\"https:\/\/promotic.net\/wp-content\/uploads\/2024\/01\/light-bulb-ideas-creative-design-graphic.jpg 1000w, https:\/\/promotic.net\/wp-content\/uploads\/2024\/01\/light-bulb-ideas-creative-design-graphic-300x180.jpg 300w, https:\/\/promotic.net\/wp-content\/uploads\/2024\/01\/light-bulb-ideas-creative-design-graphic-768x461.jpg 768w, https:\/\/promotic.net\/wp-content\/uploads\/2024\/01\/light-bulb-ideas-creative-design-graphic-18x12.jpg 18w, https:\/\/promotic.net\/wp-content\/uploads\/2024\/01\/light-bulb-ideas-creative-design-graphic-600x360.jpg 600w\" sizes=\"(max-width: 1000px) 100vw, 1000px\" \/>\t\t\t\t\t\t\t\t\t\t\t\t\t\t\t<\/div>\n\t\t\t\t<\/div>\n\t\t\t\t<div class=\"elementor-element elementor-element-e57fda9 elementor-widget elementor-widget-heading\" data-id=\"e57fda9\" data-element_type=\"widget\" data-e-type=\"widget\" data-widget_type=\"heading.default\">\n\t\t\t\t<div class=\"elementor-widget-container\">\n\t\t\t\t\t<h2 class=\"elementor-heading-title elementor-size-default\">Development of technology solutions<\/h2>\t\t\t\t<\/div>\n\t\t\t\t<\/div>\n\t\t\t\t<div class=\"elementor-element elementor-element-175c686 elementor-widget elementor-widget-restly_about\" data-id=\"175c686\" data-element_type=\"widget\" data-e-type=\"widget\" data-widget_type=\"restly_about.default\">\n\t\t\t\t<div class=\"elementor-widget-container\">\n\t\t\t\t\t        <div class=\"restly-about-wrapper\">\r\n            <div class=\"restly-about-content text-left\">\r\n                                <h2 class=\"restly-about-stitle\"><span><\/span><\/h6>\r\n                                <h2 class=\"restly-about-title\"><\/h2>\r\n                <div class=\"restly-about-dec\">\r\n                    <p>PROMOTIC has the expertise to help institutions and businesses make the transition to digital by developing state-of-the-art digital solutions. The main specialized services available are :<\/p><ul><li>Database development<\/li><li>Website development<\/li><li>Software development<\/li><li>Computer network set-up<\/li><li>Digitization of documents and archives<\/li><li>Switchboard installation<\/li><li>Telecommunications\/ICT surveys<\/li><\/ul>                <\/div>\r\n            <\/div>\r\n        <\/div>\r\n        \t\t\t\t<\/div>\n\t\t\t\t<\/div>\n\t\t\t\t<section class=\"elementor-section elementor-inner-section elementor-element elementor-element-c55851d elementor-section-boxed elementor-section-height-default elementor-section-height-default wpr-particle-no wpr-jarallax-no wpr-parallax-no wpr-sticky-section-no wpr-equal-height-no\" data-id=\"c55851d\" data-element_type=\"section\" data-e-type=\"section\">\n\t\t\t\t\t\t<div class=\"elementor-container elementor-column-gap-default\">\n\t\t\t\t\t<div class=\"elementor-column elementor-col-33 elementor-inner-column elementor-element elementor-element-670267a\" data-id=\"670267a\" data-element_type=\"column\" data-e-type=\"column\">\n\t\t\t<div class=\"elementor-widget-wrap elementor-element-populated\">\n\t\t\t\t\t\t<div class=\"elementor-element elementor-element-1ad5177 elementor-widget elementor-widget-service_box\" data-id=\"1ad5177\" data-element_type=\"widget\" data-e-type=\"widget\" data-widget_type=\"service_box.default\">\n\t\t\t\t<div class=\"elementor-widget-container\">\n\t\t\t\t\t        <div class=\"restly-service-box-wrapper\">\r\n                        <div class=\"restly-service-two-box tran-04\">\r\n                <div class=\"restly-service-two-contents tran-04 service-two-center\">\r\n                    <div class=\"restly-service-two-icon tran-04\">\r\n                                                    <i class=\"flaticon flaticon-3d-printing\"><\/i>\r\n                                            <\/div>\r\n                    <div class=\"service-two-content tran-04\">\r\n                        <h3 class=\"service-two-title tran-04\">Certification and Homologation<\/h3>\r\n                        <div class=\"service-two-dec tran-04\">\r\n                            <p>We\u2019ve been a nearly  thought  strategy leader for five<\/p>\r\n                        <\/div>\r\n                                            <\/div>\r\n                <\/div>\r\n            <\/div>\r\n                        <\/div>\r\n        \t\t\t\t<\/div>\n\t\t\t\t<\/div>\n\t\t\t\t\t<\/div>\n\t\t<\/div>\n\t\t\t\t<div class=\"elementor-column elementor-col-33 elementor-inner-column elementor-element elementor-element-5258ec5\" data-id=\"5258ec5\" data-element_type=\"column\" data-e-type=\"column\">\n\t\t\t<div class=\"elementor-widget-wrap elementor-element-populated\">\n\t\t\t\t\t\t<div class=\"elementor-element elementor-element-93294fb elementor-widget elementor-widget-service_box\" data-id=\"93294fb\" data-element_type=\"widget\" data-e-type=\"widget\" data-widget_type=\"service_box.default\">\n\t\t\t\t<div class=\"elementor-widget-container\">\n\t\t\t\t\t        <div class=\"restly-service-box-wrapper\">\r\n                        <div class=\"restly-service-two-box tran-04\">\r\n                <div class=\"restly-service-two-contents tran-04 service-two-center\">\r\n                    <div class=\"restly-service-two-icon tran-04\">\r\n                                                    <i class=\"flaticon flaticon-analysis\"><\/i>\r\n                                            <\/div>\r\n                    <div class=\"service-two-content tran-04\">\r\n                        <h3 class=\"service-two-title tran-04\">Technological project studies <\/h3>\r\n                        <div class=\"service-two-dec tran-04\">\r\n                            <p>We\u2019ve been a nearly  thought  strategy leader for five<\/p>\r\n                        <\/div>\r\n                                            <\/div>\r\n                <\/div>\r\n            <\/div>\r\n                        <\/div>\r\n        \t\t\t\t<\/div>\n\t\t\t\t<\/div>\n\t\t\t\t\t<\/div>\n\t\t<\/div>\n\t\t\t\t<div class=\"elementor-column elementor-col-33 elementor-inner-column elementor-element elementor-element-5846053\" data-id=\"5846053\" data-element_type=\"column\" data-e-type=\"column\">\n\t\t\t<div class=\"elementor-widget-wrap elementor-element-populated\">\n\t\t\t\t\t\t<div class=\"elementor-element elementor-element-d89ff02 elementor-widget elementor-widget-service_box\" data-id=\"d89ff02\" data-element_type=\"widget\" data-e-type=\"widget\" data-widget_type=\"service_box.default\">\n\t\t\t\t<div class=\"elementor-widget-container\">\n\t\t\t\t\t        <div class=\"restly-service-box-wrapper\">\r\n                        <div class=\"restly-service-two-box tran-04\">\r\n                <div class=\"restly-service-two-contents tran-04 service-two-center\">\r\n                    <div class=\"restly-service-two-icon tran-04\">\r\n                                                    <i class=\"flaticon flaticon-design-process\"><\/i>\r\n                                            <\/div>\r\n                    <div class=\"service-two-content tran-04\">\r\n                        <h3 class=\"service-two-title tran-04\">Implementation of technology projects <\/h3>\r\n                        <div class=\"service-two-dec tran-04\">\r\n                            <p>We\u2019ve been a nearly  thought  strategy leader for five<\/p>\r\n                        <\/div>\r\n                                            <\/div>\r\n                <\/div>\r\n            <\/div>\r\n                        <\/div>\r\n        \t\t\t\t<\/div>\n\t\t\t\t<\/div>\n\t\t\t\t\t<\/div>\n\t\t<\/div>\n\t\t\t\t\t<\/div>\n\t\t<\/section>\n\t\t\t\t\t<\/div>\n\t\t<\/div>\n\t\t\t\t\t<\/div>\n\t\t<\/section>\n\t\t\t\t<section class=\"elementor-section elementor-top-section elementor-element elementor-element-af36eea elementor-section-boxed elementor-section-height-default elementor-section-height-default wpr-particle-no wpr-jarallax-no wpr-parallax-no wpr-sticky-section-no wpr-equal-height-no\" data-id=\"af36eea\" data-element_type=\"section\" data-e-type=\"section\" data-settings=\"{&quot;background_background&quot;:&quot;classic&quot;}\">\n\t\t\t\t\t\t<div class=\"elementor-container elementor-column-gap-default\">\n\t\t\t\t\t<div class=\"elementor-column elementor-col-100 elementor-top-column elementor-element elementor-element-9baadf6\" data-id=\"9baadf6\" data-element_type=\"column\" data-e-type=\"column\">\n\t\t\t<div class=\"elementor-widget-wrap elementor-element-populated\">\n\t\t\t\t\t\t<div class=\"elementor-element elementor-element-83797d6 elementor-widget elementor-widget-restly_title\" data-id=\"83797d6\" data-element_type=\"widget\" data-e-type=\"widget\" data-widget_type=\"restly_title.default\">\n\t\t\t\t<div class=\"elementor-widget-container\">\n\t\t\t\t\t        <div class=\"restly-section-title-wrapper\">\r\n            <div class=\"restly-section-title\">\r\n                                <h2 class=\"restly-section-title\">Contact us<\/h2>\r\n            <\/div>\r\n        <\/div>\r\n        \t\t\t\t<\/div>\n\t\t\t\t<\/div>\n\t\t\t\t<section class=\"elementor-section elementor-inner-section elementor-element elementor-element-cbcefda elementor-section-boxed elementor-section-height-default elementor-section-height-default wpr-particle-no wpr-jarallax-no wpr-parallax-no wpr-sticky-section-no wpr-equal-height-no\" data-id=\"cbcefda\" data-element_type=\"section\" data-e-type=\"section\" data-settings=\"{&quot;background_background&quot;:&quot;classic&quot;}\">\n\t\t\t\t\t\t<div class=\"elementor-container elementor-column-gap-default\">\n\t\t\t\t\t<div class=\"elementor-column elementor-col-50 elementor-inner-column elementor-element elementor-element-4d81560\" data-id=\"4d81560\" data-element_type=\"column\" data-e-type=\"column\">\n\t\t\t<div class=\"elementor-widget-wrap elementor-element-populated\">\n\t\t\t\t\t\t<div class=\"elementor-element elementor-element-146f852 elementor-widget elementor-widget-shortcode\" data-id=\"146f852\" data-element_type=\"widget\" data-e-type=\"widget\" data-widget_type=\"shortcode.default\">\n\t\t\t\t<div class=\"elementor-widget-container\">\n\t\t\t\t\t\t\t<div class=\"elementor-shortcode\">\n<div class=\"wpcf7 no-js\" id=\"wpcf7-f2367-o1\" lang=\"en-US\" dir=\"ltr\" data-wpcf7-id=\"2367\">\n<div class=\"screen-reader-response\"><p role=\"status\" aria-live=\"polite\" aria-atomic=\"true\"><\/p> <ul><\/ul><\/div>\n<form action=\"\/en\/wp-json\/wp\/v2\/pages\/1053#wpcf7-f2367-o1\" method=\"post\" class=\"wpcf7-form init\" aria-label=\"Contact form\" novalidate=\"novalidate\" data-status=\"init\" data-trp-original-action=\"\/en\/wp-json\/wp\/v2\/pages\/1053#wpcf7-f2367-o1\">\n<fieldset class=\"hidden-fields-container\"><input type=\"hidden\" name=\"_wpcf7\" value=\"2367\" \/><input type=\"hidden\" name=\"_wpcf7_version\" value=\"6.1.5\" \/><input type=\"hidden\" name=\"_wpcf7_locale\" value=\"en_US\" \/><input type=\"hidden\" name=\"_wpcf7_unit_tag\" value=\"wpcf7-f2367-o1\" \/><input type=\"hidden\" name=\"_wpcf7_container_post\" value=\"0\" \/><input type=\"hidden\" name=\"_wpcf7_posted_data_hash\" value=\"\" \/>\n<\/fieldset>\n<div class=\"restly-home-form\">\n    <div class=\"row\">\n        <div class=\"col-12 col-md-6\">\n            <div class=\"restly-home-form-input restly-input name\">\n            <span class=\"wpcf7-form-control-wrap\" data-name=\"yourname\"><input size=\"40\" maxlength=\"400\" class=\"wpcf7-form-control wpcf7-text wpcf7-validates-as-required\" aria-required=\"true\" aria-invalid=\"false\" placeholder=\"Name\" value=\"\" type=\"text\" name=\"yourname\" \/><\/span>\n            <\/div>\n        <\/div>\n        <div class=\"col-12 col-md-6\">\n            <div class=\"restly-home-form-input restly-input email\">\n            <span class=\"wpcf7-form-control-wrap\" data-name=\"youremail\"><input size=\"40\" maxlength=\"400\" class=\"wpcf7-form-control wpcf7-email wpcf7-validates-as-required wpcf7-text wpcf7-validates-as-email\" aria-required=\"true\" aria-invalid=\"false\" placeholder=\"Your Email\" value=\"\" type=\"email\" name=\"youremail\" \/><\/span>\n            <\/div>\n        <\/div>\n        <div class=\"col-12 col-md-6\">\n            <div class=\"restly-home-form-input restly-input phone\">\n            <span class=\"wpcf7-form-control-wrap\" data-name=\"yourphone\"><input size=\"40\" maxlength=\"400\" class=\"wpcf7-form-control wpcf7-tel wpcf7-validates-as-required wpcf7-text wpcf7-validates-as-tel\" aria-required=\"true\" aria-invalid=\"false\" placeholder=\"Phone\" value=\"\" type=\"tel\" name=\"yourphone\" \/><\/span>\n            <\/div>\n        <\/div>\n        <div class=\"col-12 col-md-6\">\n            <div class=\"restly-home-form-input restly-input cform-input website\">\n            <span class=\"wpcf7-form-control-wrap\" data-name=\"website\"><input size=\"40\" maxlength=\"400\" class=\"wpcf7-form-control wpcf7-url wpcf7-text wpcf7-validates-as-url\" aria-invalid=\"false\" placeholder=\"Website\" value=\"\" type=\"url\" name=\"website\" \/><\/span>\n            <\/div>\n        <\/div>\n        <div class=\"col-12 col-md-12\">\n            <div class=\"restly-home-input restly-input message\">\n            <span class=\"wpcf7-form-control-wrap\" data-name=\"message\"><textarea cols=\"10\" rows=\"4\" maxlength=\"2000\" class=\"wpcf7-form-control wpcf7-textarea\" aria-invalid=\"false\" placeholder=\"Let us know what you need.\" name=\"message\"><\/textarea><\/span>\n            <\/div>\n            <div class=\"restly-message-btn\">\n            <input class=\"wpcf7-form-control wpcf7-submit has-spinner\" type=\"submit\" value=\"Send message\" \/>\n            <\/div>\n        <\/div>\n    <\/div>\n<\/div><div class=\"wpcf7-response-output\" aria-hidden=\"true\"><\/div>\n<input type=\"hidden\" name=\"trp-form-language\" value=\"en\"\/><\/form>\n<\/div>\n<\/div>\n\t\t\t\t\t\t<\/div>\n\t\t\t\t<\/div>\n\t\t\t\t\t<\/div>\n\t\t<\/div>\n\t\t\t\t<div class=\"elementor-column elementor-col-50 elementor-inner-column elementor-element elementor-element-e7b7a77\" data-id=\"e7b7a77\" data-element_type=\"column\" data-e-type=\"column\" data-settings=\"{&quot;background_background&quot;:&quot;classic&quot;}\">\n\t\t\t<div class=\"elementor-widget-wrap elementor-element-populated\">\n\t\t\t\t\t<div class=\"elementor-background-overlay\"><\/div>\n\t\t\t\t\t\t<div class=\"elementor-element elementor-element-6afef93 elementor-widget elementor-widget-restly_contact_info\" data-id=\"6afef93\" data-element_type=\"widget\" data-e-type=\"widget\" data-widget_type=\"restly_contact_info.default\">\n\t\t\t\t<div class=\"elementor-widget-container\">\n\t\t\t\t\t        <div class=\"restly-contact-info-warpper\">\r\n            <div class=\"restly-contact-info\">\r\n                <h2 class=\"contact-info-title\">Let us know what you need.<\/h2>                <div class=\"restly-contact-info-items\">\r\n                                        <div class=\"restly-cinfo d-flex align-items-center\">\r\n                        <div class=\"restly-cinfo-icon\">\r\n                            <i class=\"fas fa-phone-alt\"><\/i>\r\n                        <\/div>\r\n                        <div class=\"restly-cinfo-dec\">\r\n                            <span>Call us<\/span>\r\n                            <p>+509 42 53 6060<\/p>                        <\/div>\r\n                    <\/div>\r\n                                        <div class=\"restly-cinfo d-flex align-items-center\">\r\n                        <div class=\"restly-cinfo-icon\">\r\n                            <i class=\"far fa-envelope\"><\/i>\r\n                        <\/div>\r\n                        <div class=\"restly-cinfo-dec\">\r\n                            <span>Write to us<\/span>\r\n                            <p>info@promotic.net<\/p>                        <\/div>\r\n                    <\/div>\r\n                                        <div class=\"restly-cinfo d-flex align-items-center\">\r\n                        <div class=\"restly-cinfo-icon\">\r\n                            <i class=\"ico ico-location\"><\/i>\r\n                        <\/div>\r\n                        <div class=\"restly-cinfo-dec\">\r\n                            <span>Adresse<\/span>\r\n                            <p>53, Avenue N,<\/p><p>Local: Unitech<br \/>Port - au - prince, Ha\u00efti<\/p>                        <\/div>\r\n                    <\/div>\r\n                                    <\/div>\r\n            <\/div>\r\n        <\/div>\r\n        \t\t\t\t<\/div>\n\t\t\t\t<\/div>\n\t\t\t\t\t<\/div>\n\t\t<\/div>\n\t\t\t\t\t<\/div>\n\t\t<\/section>\n\t\t\t\t\t<\/div>\n\t\t<\/div>\n\t\t\t\t\t<\/div>\n\t\t<\/section>\n\t\t\t\t<\/div>","protected":false},"excerpt":{"rendered":"<p>D\u00e9veloppement de solutions technologiques PROMOTIC dispose de l\u2019expertise n\u00e9cessaire pour faciliter le passage des op\u00e9rations des institutions et entreprises au num\u00e9rique en d\u00e9veloppant des solutions num\u00e9riques \u00e0 la pointe de la technologie. Les principaux services sp\u00e9cialis\u00e9s disponibles sont\u00a0: D\u00e9veloppement de base de donn\u00e9es D\u00e9veloppement de site web D\u00e9veloppement de logiciel Montage de r\u00e9seau informatique Num\u00e9risation de documents et des archives Installation de Standard t\u00e9l\u00e9phonique Enqu\u00eates sur les T\u00e9l\u00e9communications\/TIC Certification et Homologation We\u2019ve been a nearly thought strategy leader for five Etude de projets technologiques We\u2019ve been a nearly thought strategy leader for five Impl\u00e9mentation de projets technologiques We\u2019ve been a nearly thought strategy leader for five Contactez-nous N&#039;hesitez pas a nous contacter Call us +509 42 53 6060 Write to us info@promotic.net Adresse 53, Avenue N, Local: UnitechPort &#8211; au &#8211; prince, Ha\u00efti<\/p>","protected":false},"author":1,"featured_media":0,"parent":1015,"menu_order":0,"comment_status":"closed","ping_status":"closed","template":"","meta":{"om_disable_all_campaigns":false,"_monsterinsights_skip_tracking":false,"_monsterinsights_sitenote_active":false,"_monsterinsights_sitenote_note":"","_monsterinsights_sitenote_category":0,"footnotes":""},"class_list":["post-1053","page","type-page","status-publish","hentry"],"aioseo_notices":[],"_links":{"self":[{"href":"https:\/\/promotic.net\/en\/wp-json\/wp\/v2\/pages\/1053","targetHints":{"allow":["GET"]}}],"collection":[{"href":"https:\/\/promotic.net\/en\/wp-json\/wp\/v2\/pages"}],"about":[{"href":"https:\/\/promotic.net\/en\/wp-json\/wp\/v2\/types\/page"}],"author":[{"embeddable":true,"href":"https:\/\/promotic.net\/en\/wp-json\/wp\/v2\/users\/1"}],"replies":[{"embeddable":true,"href":"https:\/\/promotic.net\/en\/wp-json\/wp\/v2\/comments?post=1053"}],"version-history":[{"count":32,"href":"https:\/\/promotic.net\/en\/wp-json\/wp\/v2\/pages\/1053\/revisions"}],"predecessor-version":[{"id":7897,"href":"https:\/\/promotic.net\/en\/wp-json\/wp\/v2\/pages\/1053\/revisions\/7897"}],"up":[{"embeddable":true,"href":"https:\/\/promotic.net\/en\/wp-json\/wp\/v2\/pages\/1015"}],"wp:attachment":[{"href":"https:\/\/promotic.net\/en\/wp-json\/wp\/v2\/media?parent=1053"}],"curies":[{"name":"wp","href":"https:\/\/api.w.org\/{rel}","templated":true}]}}